{"id":203,"date":"2021-09-28T13:52:33","date_gmt":"2021-09-28T13:52:33","guid":{"rendered":"https:\/\/selbstregie.de\/?page_id=203"},"modified":"2022-02-07T16:19:00","modified_gmt":"2022-02-07T16:19:00","slug":"start-willkommen","status":"publish","type":"page","link":"https:\/\/selbstregie.de\/","title":{"rendered":"Wieso &#8222;Selbstregie&#8220;-Coaching?"},"content":{"rendered":"\n<div class=\"wp-block-image is-style-rounded wp-duotone-818f9a-rgba242229235077-1\"><figure class=\"aligncenter size-medium is-resized\"><img loading=\"lazy\" decoding=\"async\" src=\"https:\/\/selbstregie.de\/wp-content\/uploads\/2021\/11\/Klappe-1-300x203.jpeg\" alt=\"\" class=\"wp-image-384\" width=\"271\" height=\"183\" srcset=\"https:\/\/selbstregie.de\/wp-content\/uploads\/2021\/11\/Klappe-1-300x203.jpeg 300w, https:\/\/selbstregie.de\/wp-content\/uploads\/2021\/11\/Klappe-1-768x520.jpeg 768w, https:\/\/selbstregie.de\/wp-content\/uploads\/2021\/11\/Klappe-1-399x270.jpeg 399w, https:\/\/selbstregie.de\/wp-content\/uploads\/2021\/11\/Klappe-1.jpeg 1023w\" sizes=\"auto, (max-width: 271px) 100vw, 271px\" \/><\/figure><\/div>\n\n\n\n<blockquote class=\"wp-block-quote has-text-align-center is-layout-flow wp-block-quote-is-layout-flow\"><p> &#8222;Wenn ich nicht ich selbst bin, wer ist es dann?&#8220;<\/p><cite> <p><em>Alfred Hitchcock<\/em><\/p> <\/cite><\/blockquote>\n\n\n\n<p class=\"has-text-align-center\"><strong>Selbstbestimmt leben &#8211; wer m\u00f6chte das nicht?<\/strong><\/p>\n\n\n\n<div class=\"wp-block-group\"><div class=\"wp-block-group__inner-container is-layout-flow wp-block-group-is-layout-flow\">\n<div class=\"wp-block-columns is-layout-flex wp-container-core-columns-is-layout-9d6595d7 wp-block-columns-is-layout-flex\">\n<div class=\"wp-block-column is-layout-flow wp-block-column-is-layout-flow\" style=\"flex-basis:66.66%\">\n<p>Doch was ist, <\/p>\n\n\n\n<p><\/p>\n\n\n\n<ul class=\"wp-block-list\"><li>wenn wieder mal das <strong>Schicksal <\/strong>das Drehbuch schreibt,<br><\/li><li>wenn im <strong>Budgetplan <\/strong>kein Lottogewinn vorgesehen ist oder<br><\/li><li>wenn die <strong>Protagonisten <\/strong>einfach nicht so wollen, wie sie sollen (oder wie ich will)?<\/li><\/ul>\n\n\n\n<p><\/p>\n<\/div>\n<\/div>\n<\/div><\/div>\n\n\n\n<p><\/p>\n\n\n\n<p><\/p>\n\n\n\n<p>Auch wenn wir nicht alles in der Hand haben, durch<\/p>\n\n\n\n<p><\/p>\n\n\n\n<ul class=\"wp-block-list\"><li>Ver\u00e4nderung der <strong>Perspektive<\/strong><\/li><\/ul>\n\n\n\n<div class=\"wp-block-columns is-layout-flex wp-container-core-columns-is-layout-9d6595d7 wp-block-columns-is-layout-flex\">\n<div class=\"wp-block-column is-layout-flow wp-block-column-is-layout-flow\">\n<figure class=\"wp-block-image size-full\"><img loading=\"lazy\" decoding=\"async\" width=\"1024\" height=\"768\" src=\"https:\/\/selbstregie.de\/wp-content\/uploads\/2021\/10\/Spinne-1-1.jpeg\" alt=\"\" class=\"wp-image-287\" srcset=\"https:\/\/selbstregie.de\/wp-content\/uploads\/2021\/10\/Spinne-1-1.jpeg 1024w, https:\/\/selbstregie.de\/wp-content\/uploads\/2021\/10\/Spinne-1-1-300x225.jpeg 300w, https:\/\/selbstregie.de\/wp-content\/uploads\/2021\/10\/Spinne-1-1-768x576.jpeg 768w, https:\/\/selbstregie.de\/wp-content\/uploads\/2021\/10\/Spinne-1-1-360x270.jpeg 360w\" sizes=\"auto, (max-width: 1024px) 100vw, 1024px\" \/><\/figure>\n<\/div>\n\n\n\n<div class=\"wp-block-column is-layout-flow wp-block-column-is-layout-flow\">\n<figure class=\"wp-block-image size-full\"><img loading=\"lazy\" decoding=\"async\" width=\"1024\" height=\"768\" src=\"https:\/\/selbstregie.de\/wp-content\/uploads\/2021\/10\/Spinne-2-2.jpeg\" alt=\"\" class=\"wp-image-296\" srcset=\"https:\/\/selbstregie.de\/wp-content\/uploads\/2021\/10\/Spinne-2-2.jpeg 1024w, https:\/\/selbstregie.de\/wp-content\/uploads\/2021\/10\/Spinne-2-2-300x225.jpeg 300w, https:\/\/selbstregie.de\/wp-content\/uploads\/2021\/10\/Spinne-2-2-768x576.jpeg 768w, https:\/\/selbstregie.de\/wp-content\/uploads\/2021\/10\/Spinne-2-2-360x270.jpeg 360w\" sizes=\"auto, (max-width: 1024px) 100vw, 1024px\" \/><\/figure>\n<\/div>\n<\/div>\n\n\n\n<ul class=\"wp-block-list\"><li>Eine andere (Kamera-) <strong>Einstellung<\/strong><\/li><\/ul>\n\n\n\n<div class=\"wp-block-columns is-layout-flex wp-container-core-columns-is-layout-9d6595d7 wp-block-columns-is-layout-flex\">\n<div class=\"wp-block-column is-layout-flow wp-block-column-is-layout-flow\">\n<figure class=\"wp-block-image size-full\"><img loading=\"lazy\" decoding=\"async\" width=\"1024\" height=\"768\" src=\"https:\/\/selbstregie.de\/wp-content\/uploads\/2021\/10\/Giraffe-2-3.jpeg\" alt=\"\" class=\"wp-image-317\" srcset=\"https:\/\/selbstregie.de\/wp-content\/uploads\/2021\/10\/Giraffe-2-3.jpeg 1024w, https:\/\/selbstregie.de\/wp-content\/uploads\/2021\/10\/Giraffe-2-3-300x225.jpeg 300w, https:\/\/selbstregie.de\/wp-content\/uploads\/2021\/10\/Giraffe-2-3-768x576.jpeg 768w, https:\/\/selbstregie.de\/wp-content\/uploads\/2021\/10\/Giraffe-2-3-360x270.jpeg 360w\" sizes=\"auto, (max-width: 1024px) 100vw, 1024px\" \/><figcaption><em>Bild i. Hintergrund: Heinrich van den Berg &#8211; Shades of Nature<\/em><\/figcaption><\/figure>\n<\/div>\n\n\n\n<div class=\"wp-block-column is-layout-flow wp-block-column-is-layout-flow\">\n<figure class=\"wp-block-image size-full\"><img loading=\"lazy\" decoding=\"async\" width=\"1024\" height=\"768\" src=\"https:\/\/selbstregie.de\/wp-content\/uploads\/2021\/10\/Giraffe-1-1.jpeg\" alt=\"\" class=\"wp-image-308\" srcset=\"https:\/\/selbstregie.de\/wp-content\/uploads\/2021\/10\/Giraffe-1-1.jpeg 1024w, https:\/\/selbstregie.de\/wp-content\/uploads\/2021\/10\/Giraffe-1-1-300x225.jpeg 300w, https:\/\/selbstregie.de\/wp-content\/uploads\/2021\/10\/Giraffe-1-1-768x576.jpeg 768w, https:\/\/selbstregie.de\/wp-content\/uploads\/2021\/10\/Giraffe-1-1-360x270.jpeg 360w\" sizes=\"auto, (max-width: 1024px) 100vw, 1024px\" \/><\/figure>\n<\/div>\n<\/div>\n\n\n\n<ul class=\"wp-block-list\"><li>Die Verschiebung des <strong>Fokus<\/strong><\/li><\/ul>\n\n\n\n<div class=\"wp-block-columns is-layout-flex wp-container-core-columns-is-layout-9d6595d7 wp-block-columns-is-layout-flex\">\n<div class=\"wp-block-column is-layout-flow wp-block-column-is-layout-flow\">\n<div class=\"wp-block-image\"><figure class=\"aligncenter size-full is-resized\"><img loading=\"lazy\" decoding=\"async\" src=\"https:\/\/selbstregie.de\/wp-content\/uploads\/2021\/10\/Dornen.jpeg\" alt=\"\" class=\"wp-image-315\" width=\"304\" height=\"405\" srcset=\"https:\/\/selbstregie.de\/wp-content\/uploads\/2021\/10\/Dornen.jpeg 768w, https:\/\/selbstregie.de\/wp-content\/uploads\/2021\/10\/Dornen-225x300.jpeg 225w, https:\/\/selbstregie.de\/wp-content\/uploads\/2021\/10\/Dornen-203x270.jpeg 203w\" sizes=\"auto, (max-width: 304px) 100vw, 304px\" \/><\/figure><\/div>\n<\/div>\n\n\n\n<div class=\"wp-block-column is-layout-flow wp-block-column-is-layout-flow\">\n<div class=\"wp-block-image\"><figure class=\"aligncenter size-full is-resized\"><img loading=\"lazy\" decoding=\"async\" src=\"https:\/\/selbstregie.de\/wp-content\/uploads\/2021\/10\/Rose.jpeg\" alt=\"\" class=\"wp-image-316\" width=\"305\" height=\"407\" srcset=\"https:\/\/selbstregie.de\/wp-content\/uploads\/2021\/10\/Rose.jpeg 768w, https:\/\/selbstregie.de\/wp-content\/uploads\/2021\/10\/Rose-225x300.jpeg 225w, https:\/\/selbstregie.de\/wp-content\/uploads\/2021\/10\/Rose-203x270.jpeg 203w\" sizes=\"auto, (max-width: 305px) 100vw, 305px\" \/><\/figure><\/div>\n<\/div>\n<\/div>\n\n\n\n<ul class=\"wp-block-list\"><li>oder kleine \u00c4nderungen in den <strong>Dialogen <\/strong><\/li><\/ul>\n\n\n\n<div class=\"wp-block-columns is-layout-flex wp-container-core-columns-is-layout-9d6595d7 wp-block-columns-is-layout-flex\">\n<div class=\"wp-block-column is-layout-flow wp-block-column-is-layout-flow\">\n<figure class=\"wp-block-image size-full\"><img loading=\"lazy\" decoding=\"async\" width=\"1024\" height=\"768\" src=\"https:\/\/selbstregie.de\/wp-content\/uploads\/2021\/11\/Satzzeichen-3.jpeg\" alt=\"\" class=\"wp-image-372\" srcset=\"https:\/\/selbstregie.de\/wp-content\/uploads\/2021\/11\/Satzzeichen-3.jpeg 1024w, https:\/\/selbstregie.de\/wp-content\/uploads\/2021\/11\/Satzzeichen-3-300x225.jpeg 300w, https:\/\/selbstregie.de\/wp-content\/uploads\/2021\/11\/Satzzeichen-3-768x576.jpeg 768w, https:\/\/selbstregie.de\/wp-content\/uploads\/2021\/11\/Satzzeichen-3-360x270.jpeg 360w\" sizes=\"auto, (max-width: 1024px) 100vw, 1024px\" \/><\/figure>\n<\/div>\n\n\n\n<div class=\"wp-block-column is-layout-flow wp-block-column-is-layout-flow\">\n<figure class=\"wp-block-image size-full\"><img loading=\"lazy\" decoding=\"async\" width=\"1024\" height=\"768\" src=\"https:\/\/selbstregie.de\/wp-content\/uploads\/2021\/11\/Satzzeichen-4.jpeg\" alt=\"\" class=\"wp-image-373\" srcset=\"https:\/\/selbstregie.de\/wp-content\/uploads\/2021\/11\/Satzzeichen-4.jpeg 1024w, https:\/\/selbstregie.de\/wp-content\/uploads\/2021\/11\/Satzzeichen-4-300x225.jpeg 300w, https:\/\/selbstregie.de\/wp-content\/uploads\/2021\/11\/Satzzeichen-4-768x576.jpeg 768w, https:\/\/selbstregie.de\/wp-content\/uploads\/2021\/11\/Satzzeichen-4-360x270.jpeg 360w\" sizes=\"auto, (max-width: 1024px) 100vw, 1024px\" \/><\/figure>\n<\/div>\n<\/div>\n\n\n\n<p class=\"has-text-align-center\">k\u00f6nnen wir schon viel erreichen und <strong>in unserem Leben selbst Regie f\u00fchren<\/strong>!<\/p>\n\n\n\n<div class=\"wp-block-image is-style-rounded\"><figure class=\"aligncenter size-full is-resized\"><img loading=\"lazy\" decoding=\"async\" src=\"https:\/\/selbstregie.de\/wp-content\/uploads\/2021\/10\/ICH.jpeg\" alt=\"\" class=\"wp-image-311\" width=\"392\" height=\"294\" srcset=\"https:\/\/selbstregie.de\/wp-content\/uploads\/2021\/10\/ICH.jpeg 1024w, https:\/\/selbstregie.de\/wp-content\/uploads\/2021\/10\/ICH-300x225.jpeg 300w, https:\/\/selbstregie.de\/wp-content\/uploads\/2021\/10\/ICH-768x576.jpeg 768w, https:\/\/selbstregie.de\/wp-content\/uploads\/2021\/10\/ICH-360x270.jpeg 360w\" sizes=\"auto, (max-width: 392px) 100vw, 392px\" \/><\/figure><\/div>\n\n\n\n<p><\/p>\n\n\n\n<p class=\"has-text-align-center\">&#8230; und <strong><a href=\"https:\/\/selbstregie.de\/?page_id=205\" data-type=\"URL\" data-id=\"https:\/\/selbstregie.de\/?page_id=205\">Coaching <\/a><\/strong>kann dabei helfen!<\/p>\n","protected":false},"excerpt":{"rendered":"<p>&#8222;Wenn ich nicht ich selbst bin, wer ist es dann?&#8220; Alfred Hitchcock Selbstbestimmt leben &#8211; wer m\u00f6chte das nicht? Doch was ist, wenn wieder mal das Schicksal das Drehbuch schreibt, wenn im Budgetplan kein Lottogewinn vorgesehen ist oder wenn die Protagonisten einfach nicht so wollen, wie sie sollen (oder wie ich will)? Auch wenn wir nicht alles in der Hand haben, durch Ver\u00e4nderung der Perspektive Eine andere (Kamera-) Einstellung Die Verschiebung des Fokus oder kleine \u00c4nderungen in den Dialogen k\u00f6nnen&#8230;<\/p>\n<p class=\"read-more\"><a class=\"btn btn-default\" href=\"https:\/\/selbstregie.de\/\">Weiterlesen<span class=\"screen-reader-text\"> Weiterlesen<\/span><\/a><\/p>\n","protected":false},"author":1,"featured_media":0,"parent":0,"menu_order":0,"comment_status":"closed","ping_status":"closed","template":"","meta":{"footnotes":""},"class_list":["post-203","page","type-page","status-publish","hentry"],"_links":{"self":[{"href":"https:\/\/selbstregie.de\/index.php?rest_route=\/wp\/v2\/pages\/203","targetHints":{"allow":["GET"]}}],"collection":[{"href":"https:\/\/selbstregie.de\/index.php?rest_route=\/wp\/v2\/pages"}],"about":[{"href":"https:\/\/selbstregie.de\/index.php?rest_route=\/wp\/v2\/types\/page"}],"author":[{"embeddable":true,"href":"https:\/\/selbstregie.de\/index.php?rest_route=\/wp\/v2\/users\/1"}],"replies":[{"embeddable":true,"href":"https:\/\/selbstregie.de\/index.php?rest_route=%2Fwp%2Fv2%2Fcomments&post=203"}],"version-history":[{"count":58,"href":"https:\/\/selbstregie.de\/index.php?rest_route=\/wp\/v2\/pages\/203\/revisions"}],"predecessor-version":[{"id":451,"href":"https:\/\/selbstregie.de\/index.php?rest_route=\/wp\/v2\/pages\/203\/revisions\/451"}],"wp:attachment":[{"href":"https:\/\/selbstregie.de\/index.php?rest_route=%2Fwp%2Fv2%2Fmedia&parent=203"}],"curies":[{"name":"wp","href":"https:\/\/api.w.org\/{rel}","templated":true}]}}