{"id":205,"date":"2021-09-28T13:54:23","date_gmt":"2021-09-28T13:54:23","guid":{"rendered":"https:\/\/selbstregie.de\/?page_id=205"},"modified":"2021-12-07T09:18:19","modified_gmt":"2021-12-07T09:18:19","slug":"angebot","status":"publish","type":"page","link":"https:\/\/selbstregie.de\/?page_id=205","title":{"rendered":"Das Angebot"},"content":{"rendered":"\n<div class=\"wp-block-image is-style-rounded\"><figure class=\"aligncenter size-large is-resized\"><img loading=\"lazy\" decoding=\"async\" src=\"https:\/\/selbstregie.de\/wp-content\/uploads\/2021\/01\/IMG_20210112_182447-768x1024.jpg\" alt=\"\" class=\"wp-image-158\" width=\"153\" height=\"203\" srcset=\"https:\/\/selbstregie.de\/wp-content\/uploads\/2021\/01\/IMG_20210112_182447-768x1024.jpg 768w, https:\/\/selbstregie.de\/wp-content\/uploads\/2021\/01\/IMG_20210112_182447-225x300.jpg 225w, https:\/\/selbstregie.de\/wp-content\/uploads\/2021\/01\/IMG_20210112_182447-1152x1536.jpg 1152w, https:\/\/selbstregie.de\/wp-content\/uploads\/2021\/01\/IMG_20210112_182447-1536x2048.jpg 1536w, https:\/\/selbstregie.de\/wp-content\/uploads\/2021\/01\/IMG_20210112_182447-113x150.jpg 113w, https:\/\/selbstregie.de\/wp-content\/uploads\/2021\/01\/IMG_20210112_182447-scaled.jpg 1920w\" sizes=\"auto, (max-width: 153px) 100vw, 153px\" \/><\/figure><\/div>\n\n\n\n<blockquote class=\"wp-block-quote has-text-align-center is-layout-flow wp-block-quote-is-layout-flow\"><p>&#8222;The very meaninglessness of life forces man to create his own meaning&#8220;<\/p><cite>Stanley Kubrick<\/cite><\/blockquote>\n\n\n\n<p><\/p>\n\n\n\n<p>Manchmal f\u00e4llt es nicht leicht, <strong>neue Perspektiven, Einstellungen oder einen neuen Fokus<\/strong> zu entwickeln! <strong>Coaching <\/strong>kann mit verschiedensten Herangehensweisen und Methoden dabei unterst\u00fctzen, einen neuen Blickwinkel einzunehmen und L\u00f6sungen f\u00fcr die eigenen Herausforderungen und Probleme zu finden, aus dem immer gleichen Gedanken- oder Sorgenkarussell auszusteigen und neue Wege zu finden.<\/p>\n\n\n\n<p>Probieren Sie es aus! Vereinbaren Sie ganz unverbindlich einen <strong>Probetermin <\/strong>und entscheiden dann, ob Sie mit Hilfe von Coaching Ihr <strong>Leben wieder in Selbstregie<\/strong> f\u00fchren m\u00f6chten &#8211; Ihre &#8222;<strong>Regieassistentin<\/strong>&#8220; <a href=\"https:\/\/selbstregie.de\/?page_id=23\" data-type=\"URL\" data-id=\"https:\/\/selbstregie.de\/?page_id=23\">Barbara Teutsch<\/a> unterst\u00fctzt Sie gern!<\/p>\n\n\n\n<p>(<em>Sollten Sie gerade arbeitssuchend sein, kann das Angebot durch einen Gutschein der Agentur f\u00fcr Arbeit oder das Jobcenter finanziert werden und ist f\u00fcr Sie kostenlos &#8211; gerne berate ich Sie, wie Sie einen solchen Gutschein erhalten k\u00f6nnen).<\/em><\/p>\n\n\n\n<p>Aufgrund der aktuellen Corona-Lage biete ich momentan bevorzugt Online-Termine an. Auf Wunsch k\u00f6nnen wir auch einen Termin in B\u00fcror\u00e4umen in Stuttgart Stadtmitte oder Stuttgart Degerloch vereinbaren.<\/p>\n\n\n\n<p>Kontakt:<\/p>\n\n\n\n<p>Barbara Teutsch<br><a href=\"mailto:barbara.teutsch@selbstregie.de\">barbara.teutsch at selbstregie.de<\/a><br>Tel: 01 76\/43 45 85 39<\/p>\n","protected":false},"excerpt":{"rendered":"<p>&#8222;The very meaninglessness of life forces man to create his own meaning&#8220; Stanley Kubrick Manchmal f\u00e4llt es nicht leicht, neue Perspektiven, Einstellungen oder einen neuen Fokus zu entwickeln! Coaching kann mit verschiedensten Herangehensweisen und Methoden dabei unterst\u00fctzen, einen neuen Blickwinkel einzunehmen und L\u00f6sungen f\u00fcr die eigenen Herausforderungen und Probleme zu finden, aus dem immer gleichen Gedanken- oder Sorgenkarussell auszusteigen und neue Wege zu finden. Probieren Sie es aus! Vereinbaren Sie ganz unverbindlich einen Probetermin und entscheiden dann, ob Sie mit&#8230;<\/p>\n<p class=\"read-more\"><a class=\"btn btn-default\" href=\"https:\/\/selbstregie.de\/?page_id=205\">Weiterlesen<span class=\"screen-reader-text\"> Weiterlesen<\/span><\/a><\/p>\n","protected":false},"author":1,"featured_media":0,"parent":0,"menu_order":0,"comment_status":"closed","ping_status":"closed","template":"","meta":{"footnotes":""},"class_list":["post-205","page","type-page","status-publish","hentry"],"_links":{"self":[{"href":"https:\/\/selbstregie.de\/index.php?rest_route=\/wp\/v2\/pages\/205","targetHints":{"allow":["GET"]}}],"collection":[{"href":"https:\/\/selbstregie.de\/index.php?rest_route=\/wp\/v2\/pages"}],"about":[{"href":"https:\/\/selbstregie.de\/index.php?rest_route=\/wp\/v2\/types\/page"}],"author":[{"embeddable":true,"href":"https:\/\/selbstregie.de\/index.php?rest_route=\/wp\/v2\/users\/1"}],"replies":[{"embeddable":true,"href":"https:\/\/selbstregie.de\/index.php?rest_route=%2Fwp%2Fv2%2Fcomments&post=205"}],"version-history":[{"count":15,"href":"https:\/\/selbstregie.de\/index.php?rest_route=\/wp\/v2\/pages\/205\/revisions"}],"predecessor-version":[{"id":434,"href":"https:\/\/selbstregie.de\/index.php?rest_route=\/wp\/v2\/pages\/205\/revisions\/434"}],"wp:attachment":[{"href":"https:\/\/selbstregie.de\/index.php?rest_route=%2Fwp%2Fv2%2Fmedia&parent=205"}],"curies":[{"name":"wp","href":"https:\/\/api.w.org\/{rel}","templated":true}]}}