{"id":23,"date":"2020-04-11T19:43:18","date_gmt":"2020-04-11T19:43:18","guid":{"rendered":"http:\/\/selbstregie.de\/?page_id=23"},"modified":"2022-04-11T12:57:37","modified_gmt":"2022-04-11T12:57:37","slug":"ueber-mich-2","status":"publish","type":"page","link":"https:\/\/selbstregie.de\/?page_id=23","title":{"rendered":"Regie-Assistentin"},"content":{"rendered":"\n<div class=\"wp-block-image is-style-rounded\"><figure class=\"aligncenter size-large is-resized\"><img loading=\"lazy\" decoding=\"async\" src=\"https:\/\/selbstregie.de\/wp-content\/uploads\/2021\/11\/BTeutsch-723x1024.jpg\" alt=\"\" class=\"wp-image-349\" width=\"192\" height=\"272\" srcset=\"https:\/\/selbstregie.de\/wp-content\/uploads\/2021\/11\/BTeutsch-723x1024.jpg 723w, https:\/\/selbstregie.de\/wp-content\/uploads\/2021\/11\/BTeutsch-212x300.jpg 212w, https:\/\/selbstregie.de\/wp-content\/uploads\/2021\/11\/BTeutsch-768x1088.jpg 768w, https:\/\/selbstregie.de\/wp-content\/uploads\/2021\/11\/BTeutsch-1084x1536.jpg 1084w, https:\/\/selbstregie.de\/wp-content\/uploads\/2021\/11\/BTeutsch-1446x2048.jpg 1446w, https:\/\/selbstregie.de\/wp-content\/uploads\/2021\/11\/BTeutsch-191x270.jpg 191w, https:\/\/selbstregie.de\/wp-content\/uploads\/2021\/11\/BTeutsch-scaled.jpg 1807w\" sizes=\"auto, (max-width: 192px) 100vw, 192px\" \/><figcaption>Ihre &#8222;Regieassistentin&#8220; <br><\/figcaption><\/figure><\/div>\n\n\n\n<blockquote class=\"wp-block-quote has-text-align-center is-style-default is-layout-flow wp-block-quote-is-layout-flow\"><p>&#8222;An den Scheidewegen des Lebens stehen keine Wegweiser.&#8220;<\/p><cite>Charlie Chaplin<\/cite><\/blockquote>\n\n\n\n<p>Mein Name ist <strong>Barbara Teutsch<\/strong> &#8211; meine zentrale Frage ist: <strong>&#8222;Worum geht es wirklich?&#8220;<\/strong><\/p>\n\n\n\n<p>Im eigenen Leben, im Beruf, bei Coaching und Beratung habe ich h\u00e4ufig die Erfahrung gemacht, dass wir sowohl in der Kommunikation mit anderen als auch in unserem eigenen Leben versuchen, Dinge zu erreichen, um die es eigentlich nicht wirklich geht! Doch erst, wenn wir die Frage beantworten k\u00f6nnen &#8222;Worum geht es wirklich?&#8220;, k\u00f6nnen wir auch den richtigen Weg einschlagen, um das zu erreichen, was wir wirklich m\u00f6chten!<\/p>\n\n\n\n<p>Als &#8222;<strong>Regieassistentin<\/strong>&#8220; unterst\u00fctze ich Sie dabei, Ihr <strong>Leben in Selbstregie<\/strong> zu f\u00fchren &#8211; mit gezielten Fragen, worum es Ihnen <strong>wirklich (!)<\/strong> geht und mit Anregungen, wie Sie diese\/s Ziel\/e selbst erreichen k\u00f6nnen.<\/p>\n\n\n\n<p>Meine Grundlage als &#8222;Regieassistentin&#8220; sind dabei mein Studium der P\u00e4dagogik und Soziologie, meine Ausbildung zum systemischen Coach sowie meine Berufserfahrung in der Beratung von Nachwuchswissenschaftler*innen der Uni Stuttgart sowie als Jobcoach f\u00fcr Besch\u00e4ftigungssuchende.<\/p>\n\n\n\n<p>Ich freue mich, mich mit Ihnen auf den Weg zu einem <strong>Leben in Selbstregie<\/strong> zu machen!<\/p>\n\n\n\n<p>Barbara Teutsch<br><a href=\"mailto:barbara.teutsch@selbstregie.de\">barbara.teutsch at selbstregie.de<\/a><br>Tel: 01 76\/43 45 85 39<\/p>\n","protected":false},"excerpt":{"rendered":"<p>&#8222;An den Scheidewegen des Lebens stehen keine Wegweiser.&#8220; Charlie Chaplin Mein Name ist Barbara Teutsch &#8211; meine zentrale Frage ist: &#8222;Worum geht es wirklich?&#8220; Im eigenen Leben, im Beruf, bei Coaching und Beratung habe ich h\u00e4ufig die Erfahrung gemacht, dass wir sowohl in der Kommunikation mit anderen als auch in unserem eigenen Leben versuchen, Dinge zu erreichen, um die es eigentlich nicht wirklich geht! Doch erst, wenn wir die Frage beantworten k\u00f6nnen &#8222;Worum geht es wirklich?&#8220;, k\u00f6nnen wir auch den&#8230;<\/p>\n<p class=\"read-more\"><a class=\"btn btn-default\" href=\"https:\/\/selbstregie.de\/?page_id=23\">Weiterlesen<span class=\"screen-reader-text\"> Weiterlesen<\/span><\/a><\/p>\n","protected":false},"author":1,"featured_media":0,"parent":0,"menu_order":0,"comment_status":"closed","ping_status":"closed","template":"","meta":{"footnotes":""},"class_list":["post-23","page","type-page","status-publish","hentry"],"_links":{"self":[{"href":"https:\/\/selbstregie.de\/index.php?rest_route=\/wp\/v2\/pages\/23","targetHints":{"allow":["GET"]}}],"collection":[{"href":"https:\/\/selbstregie.de\/index.php?rest_route=\/wp\/v2\/pages"}],"about":[{"href":"https:\/\/selbstregie.de\/index.php?rest_route=\/wp\/v2\/types\/page"}],"author":[{"embeddable":true,"href":"https:\/\/selbstregie.de\/index.php?rest_route=\/wp\/v2\/users\/1"}],"replies":[{"embeddable":true,"href":"https:\/\/selbstregie.de\/index.php?rest_route=%2Fwp%2Fv2%2Fcomments&post=23"}],"version-history":[{"count":20,"href":"https:\/\/selbstregie.de\/index.php?rest_route=\/wp\/v2\/pages\/23\/revisions"}],"predecessor-version":[{"id":454,"href":"https:\/\/selbstregie.de\/index.php?rest_route=\/wp\/v2\/pages\/23\/revisions\/454"}],"wp:attachment":[{"href":"https:\/\/selbstregie.de\/index.php?rest_route=%2Fwp%2Fv2%2Fmedia&parent=23"}],"curies":[{"name":"wp","href":"https:\/\/api.w.org\/{rel}","templated":true}]}}